{"id":903,"date":"2022-01-18T12:42:51","date_gmt":"2022-01-18T11:42:51","guid":{"rendered":"https:\/\/mikrosilika-trade.com\/polityka-prywatnosci-i-cookies\/"},"modified":"2025-01-31T13:58:23","modified_gmt":"2025-01-31T12:58:23","slug":"polityka-prywatnosci-i-cookies","status":"publish","type":"page","link":"https:\/\/mikrosilika-trade.com\/en\/polityka-prywatnosci-i-cookies\/","title":{"rendered":"Privacy and Cookies Policy"},"content":{"rendered":"\t\t<div data-elementor-type=\"wp-page\" data-elementor-id=\"903\" class=\"elementor elementor-903 elementor-437\" data-elementor-post-type=\"page\">\n\t\t\t\t\t\t<section class=\"elementor-section elementor-top-section elementor-element elementor-element-3466b96 elementor-section-boxed elementor-section-height-default elementor-section-height-default\" data-id=\"3466b96\" data-element_type=\"section\">\n\t\t\t\t\t\t<div class=\"elementor-container elementor-column-gap-default\">\n\t\t\t\t\t<div class=\"elementor-column elementor-col-100 elementor-top-column elementor-element elementor-element-3e6f38a\" data-id=\"3e6f38a\" data-element_type=\"column\">\n\t\t\t<div class=\"elementor-widget-wrap elementor-element-populated\">\n\t\t\t\t\t\t<div class=\"elementor-element elementor-element-9c2c782 elementor-widget elementor-widget-heading\" data-id=\"9c2c782\" data-element_type=\"widget\" data-widget_type=\"heading.default\">\n\t\t\t\t<div class=\"elementor-widget-container\">\n\t\t\t\t\t<h1 class=\"elementor-heading-title elementor-size-default\">Privacy and Cookies Policy<\/h1>\t\t\t\t<\/div>\n\t\t\t\t<\/div>\n\t\t\t\t<div class=\"elementor-element elementor-element-aef657d elementor-widget elementor-widget-text-editor\" data-id=\"aef657d\" data-element_type=\"widget\" data-widget_type=\"text-editor.default\">\n\t\t\t\t<div class=\"elementor-widget-container\">\n\t\t\t\t\t\t\t\t\t<h1><strong style=\"color: var( --e-global-color-text ); font-family: var( --e-global-typography-text-font-family ), Sans-serif; font-size: var( --e-global-typography-text-font-size );\">WHO IS THE OPERATOR OF THE SERVICE?<\/strong><\/h1>\n<div>\n\nThe operator of the www.mikrosilika-trade.com website is Natalia Wianecka conducting business under the name Mikrosilika TRADE NATALIA WIANECKA, Janki Al.\nKrakowska 30, 05-090 Raszyn, NIP: 8652492766, REGON: 180542129. \n\nThe Operator, who is also the Data Controller, attaches great importance to respecting your privacy and protecting your data as a visitor and user of www.mikrosilika-trade.com.\n\n<strong>WHAT INFORMATION IS COLLECTED ON THE SITE?<\/strong>\n\nThe www.mikrosilika-trade.com service performs information retrieval functions by:\n<ol>\n \t<li>storing cookies on end devices (computers and cell phones),<\/li>\n \t<li>collection of web server logs by the hosting operator: cyber_Folks S.A. Franklin Roosevelt 22, 60-829 Poznan,<\/li>\n<\/ol>\nSerwis przechowuje zapytania http kierowane do serwera. Viewed resources are identified by url addresses. In order to ensure the highest possible quality of the Service, we analyze log files to determine: which goods are most frequently searched for, which web browsers are used, whether the structure of the pages is error-free, etc.  Zebrane logi s\u0105 przechowywane jako materia\u0142 pomocniczy (statystyki) s\u0142u\u017c\u0105cy do administrowania stron\u0105 internetow\u0105. Gromadzone pliki cookies s\u0105 wykorzystywane ponadto do cel\u00f3w analitycznych i reklamowych, z u\u017cyciem nast\u0119puj\u0105cych narz\u0119dzi: Google Analytics, Google Search Console, Google Tag Manager, HotJar oraz Facebook Pixel.\n\n<strong>GDZIE MO\u017bESZ PODA\u0106 SWOJE DANE?<\/strong>\n<ol>\n \t<li>Przez Serwis www.mikrosilika-trade.com mo\u017cesz poda\u0107 swoje dane osobowe:\n<ol>\n \t<li>przy formularzu kontaktu,<\/li>\n<\/ol>\n<\/li>\n<\/ol>\n<ol start=\"2\">\n \t<li>kontaktu przetwarzanie danych odbywa si\u0119 zgodnie z art.\n6 ust.\n1 lit a RODO (zgoda).\nZgoda wyra\u017cana jest przez zaznaczenie odpowiedniego pola wyboru i mo\u017ce by\u0107 odwo\u0142ana w ka\u017cdym czasie.   <\/li>\n \t<li>Twoje dane pobierane s\u0105 przez szyfrowane strony Serwisu i przechowywane w bazie danych, kt\u00f3ra jest zabezpieczona przed wgl\u0105dem os\u00f3b trzecich.\nAdministrator dok\u0142ada wszelkich stara\u0144, aby zgodnie z obowi\u0105zuj\u0105cymi przepisami w zakresie ochrony danych osobowych zapewni\u0107 wszelkie \u015brodki fizycznej, technicznej i organizacyjnej ochrony danych osobowych przed ich przypadkowym czy umy\u015blnym zniszczeniem, przypadkow\u0105 utrat\u0105, zmian\u0105, nieuprawnionym ujawnieniem, wykorzystaniem czy dost\u0119pem. <\/li>\n \t<li>Dane zawarte w plikach cookies samoistnie lub w po\u0142\u0105czeniu z innymi danymi mog\u0105 stanowi\u0107 dane osobowe.<\/li>\n<\/ol>\n<strong>WHAT PERSONAL DATA ARE PROCESSED ON THE SITE AND FOR WHAT PURPOSE?  <\/strong>\n\n<strong>(KLAUZULA INFORMACYJNA RODO)<\/strong>\n<ol>\n \t<li>Administratorem danych osobowych jest Natalia Wianecka prowadz\u0105ca dzia\u0142alno\u015b\u0107 gospodarcz\u0105 pod nazw\u0105 Mikrosilika TRADE NATALIA WIANECKA, Janki Al.\nKrakowska 30, 05-090 Raszyn, NIP: 8652492766, REGON: 180542129. <\/li>\n \t<li>The data of persons using the contact form of the Store www.mikrosilika-trade.com will be processed to carry out the contact. zgodnie z art. 6 ust. 1 lit a RODO. Podanie danych osobowych przez Klienta w tym celu jest dobrowolne, jednak brak ich podania uniemo\u017cliwia kontakt. Zgod\u0119 mo\u017cna wycofa\u0107 w ka\u017cdym czasie poprzez kontakt e-mail: biuro@mikrosilika-trade.com.<\/li>\n \t<li>Personal data will be shared with: providers of courier, IT or legal services provided to the Administrator and entities authorized to obtain personal data under the law.<\/li>\n \t<li>Posiadasz prawo dost\u0119pu do tre\u015bci swoich danych oraz prawo ich sprostowania, usuni\u0119cia, ograniczenia przetwarzania, prawo do przenoszenia danych, prawo wniesienia sprzeciwu.<\/li>\n \t<li>Posiadasz prawo wniesienia skargi do organu nadzorczego zajmuj\u0105cego si\u0119 ochron\u0105 danych osobowych.<\/li>\n \t<li>Przetwarzanie Twoich danych osobowych jest dobrowolne, jednak brak ich podania uniemo\u017cliwia w zale\u017cno\u015bci od podstawy przetwarzania wskazanej w pkt 2 i 3 powy\u017cej:\n<ol>\n \t<li>sprzeda\u017c i dostaw\u0119 towar\u00f3w,<\/li>\n \t<li>skorzystanie z formularza kontaktowego.<\/li>\n<\/ol>\n<\/li>\n<\/ol>\n<strong>A CO Z CIASTECZKAMI (PLIKAMI COOKIES )?<\/strong>\n<ol>\n \t<li>Serwis www.mikrosilika-trade.com korzysta z plik\u00f3w cookies tj. niewielkich plik\u00f3w wysy\u0142anych przez serwer www, kt\u00f3re nast\u0119pnie przechowywane s\u0105 na Twoim urz\u0105dzeniu ko\u0144cowym (telefonie kom\u00f3rkowym lub komputerze) i przeznaczone s\u0105 do korzystania ze stron internetowych Serwisu. Takie pliki cookies zawieraj\u0105 nazw\u0119 strony internetowej, z kt\u00f3rej pochodz\u0105, czas przechowywania ich na urz\u0105dzeniu ko\u0144cowym oraz unikalny numer. They are used to create anonymous statistical data. In addition, www.mikrosilika-trade.com uses cookies for analytics and advertising purposes: Google Analytics, Google Search Console, Google Tag Manager, HotJar and Facebook Pixel.<\/li>\n \t<li>W Serwisie www.mikrosilika-trade.com stosowane s\u0105 nast\u0119puj\u0105ce rodzaje plik\u00f3w cookies:<\/li>\n<\/ol>\n<ol>\n \t<li>&#8220;session&#8221; (session cookies), which are temporary files that are stored on your terminal device until you log out, leave the website or turn off your software (web browser).<\/li>\n \t<li>  &#8220;permanent&#8221; (persistent cookies), which are stored on your terminal device for the time specified in the parameters of cookies or until they are deleted by you,<\/li>\n \t<li>\u201epodmiot\u00f3w zewn\u0119trznych (third parties cookies) pochodz\u0105ce z innych domen, kt\u00f3re w Serwisie maj\u0105 umieszczone swoje elementy, np. reklamy lub inne skrypty o przeznaczeniu marketingowym.\nW tym celu mog\u0105 one zachowa\u0107 informacj\u0119 o \u015bcie\u017cce nawigacji lub czasie pozostawania na danej stronie.\nPodmiotami tymi s\u0105: Google Facebook oraz HotJar.  <\/li>\n \t<li>Stosowane w Serwisie pliki cookies m.in.:<\/li>\n<\/ol>\n<ul>\n \t<li>pozwalaj\u0105 tworzy\u0107 statystyki odwiedzin Serwisu;<\/li>\n \t<li>enable you to remember your visits to the Service and your preferences regarding the Service, e.g. the layout or arrangement of content on the pages of the Service you view;<\/li>\n \t<li>pozwalaj\u0105 na zabezpieczenie Twojej sesji internetowej.<\/li>\n<\/ul>\n<ol start=\"4\">\n \t<li>Oprogramowanie do przegl\u0105dania stron internetowych (przegl\u0105darka internetowa) zazwyczaj domy\u015blnie dopuszcza przechowywanie plik\u00f3w cookies w Twoim urz\u0105dzeniu ko\u0144cowym (telefonie kom\u00f3rkowym, komputerze).\nMo\u017cesz samodzielnie dokona\u0107 zmiany ustawie\u0144 w tym zakresie. <\/li>\n \t<li>Serwis korzysta z narz\u0119dzi analitycznych:<\/li>\n<\/ol>\n<ol>\n \t<li>Google Analytics,<\/li>\n \t<li>Google Search Console,<\/li>\n \t<li>Google Tag Manager,<\/li>\n<\/ol>\nnale\u017c\u0105cych do Google LLC, 1600 Amphitheatre Parkway, Mountain View, CA 94043, Stany Zjednoczone, kt\u00f3re zbieraj\u0105 informacje na temat Twoich odwiedzin na stronie internetowej, takie jak: czas sp\u0119dzony na stronie czy przej\u015bcia pomi\u0119dzy poszczeg\u00f3lnymi podstronami.\nW tym celu wykorzystywane s\u0105 pliki cookies Google LLC dotycz\u0105ce us\u0142ugi Google Analytics. \n\nDetailed information related to the processing of data by Google Analytics has been made available at: <a rel=\"nofollow\" href=\"https:\/\/support.google.com\/analytics\/answer\/6004245\">https:\/\/support.google.com\/analytics\/answer\/6004245.<\/a>\n<ol start=\"6\">\n \t<li>Serwis korzysta z narz\u0119dzia analitycznego i reklamowego Facebook Pixel nale\u017c\u0105cego do Facebook Ireland Ltd. 4 Grand Canal Square, Grand Canal Harbour, D2 Dublin Ireland. This involves the use of cookies for the purpose of displaying advertisements or making measurements and reporting on the operation of the Service. Detailed information related to data processing by Facebook Pixel has been made available at: <a rel=\"nofollow\" href=\"https:\/\/www.facebook.com\/business\/help\/471978536642445?id=1205376682832142\">https:\/\/www.facebook.com\/business\/help\/471978536642445?id=1205376682832142<\/a><\/li>\n \t<li>Serwis korzysta z narz\u0119dzia analitycznego HotJar nale\u017c\u0105ce do Hotjar Limited, Level 2, St Julian\u2019s Business Centre, 3, Elia Zammit Street, St Julian\u2019s STJ 1000, Malta, kt\u00f3re \u015bledzi Twoje zachowania podejmowane w obr\u0119bie Serwisu. W tym celu wykorzystywane s\u0105 pliki cookies. With the help of Hotjar, the behavior of website users is analyzed, i.e. czas sp\u0119dzany na poszczeg\u00f3lnych stronach internetowych, przyciski kt\u00f3rych u\u017cywa si\u0119 na stronie itp. Wi\u0119cej informacji znajdziesz w Polityce prywatno\u015bci Hotjar: https:\/\/www.hotjar.com\/legal\/policies\/privacy.<\/li>\n \t<li>If you do not want to receive cookies, you can change the settings of the browser you are using. Serwis zastrzega wy\u0142\u0105czenie obs\u0142ugi plik\u00f3w cookies niezb\u0119dnych dla proces\u00f3w uwierzytelniania, bezpiecze\u0144stwa, utrzymania preferencji u\u017cytkownika, mo\u017ce utrudni\u0107 korzystanie z Serwisu.<\/li>\n \t<li>Wykorzystywanie plik\u00f3w typu cookies w celu przechowywania informacji oraz uzyskiwania dost\u0119pu do informacji przechowywanych w telekomunikacyjnym urz\u0105dzeniu ko\u0144cowym u\u017cytkownika, jest dozwolone pod warunkiem, wyra\u017cenia przez Ciebie zgody na takie wykorzystywanie plik\u00f3w typu cookies. When you open the first page of the Service, you may give or refuse consent to such use of cookies. Zgoda ta mo\u017ce zosta\u0107 w ka\u017cdym momencie wycofana, w szczeg\u00f3lno\u015bci poprzez wyczyszczenie historii cookies oraz wy\u0142\u0105czenie obs\u0142ugi cookies w ustawieniach przegl\u0105darki.<\/li>\n \t<li>Informacje o mo\u017cliwo\u015bci i sposobach obs\u0142ugi plik\u00f3w cookies s\u0105 w ustawieniach przegl\u0105darek internetowych:<\/li>\n<\/ol>\nw przegl\u0105darce Mozilla Firefox https:\/\/support.mozilla.org\/pl\/kb\/ciasteczka\n\nw przegl\u0105darce Chrome https:\/\/support.google.com\/chrome\/answer\/95647?hl=pl,\n\nw przegl\u0105darce Opera https:\/\/help.opera.com\/pl\/latest\/web-preferences\/#cookies\n\nin Internet Explorer https:\/\/support.microsoft.com\/pl-\nen\/help\/278835\/how-to-delete-cookie-files-in-internet-explorer.\n\n<strong>JAKIE DANE GROMADZONE S\u0104 POPRZEZ FANPAGE MIKROSILIKA TRADE<\/strong><strong>?<\/strong>\n<ol>\n \t<li>Administratorem danych osobowych jest Natalia Wianecka prowadz\u0105ca dzia\u0142alno\u015b\u0107 gospodarcz\u0105 pod nazw\u0105 Mikrosilika TRADE NATALIA WIANECKA, Janki Al.\nKrakowska 30, 05-090 Raszyn, NIP: 8652492766, REGON: 180542129. <\/li>\n \t<li>The co-controllers of your data are Facebook Ireland Ltd. 4 Grand Canal Square, Grand Canal Harbour, D2 Dublin Ireland.<\/li>\n \t<li>Wsp\u00f3lnym punktem kontaktowym w sprawach ochrony danych jest Natalia Wianecka prowadz\u0105ca dzia\u0142alno\u015b\u0107 gospodarcz\u0105 pod nazw\u0105 Mikrosilika TRADE NATALIA WIANECKA, Janki Al.\nKrakowska 30, 05-090 Raszyn, NIP: 8652492766, REGON: 180542129., z kt\u00f3r\u0105 mo\u017cesz si\u0119 skontaktowa\u0107 poprzez wiadomo\u015b\u0107 e-mail: biuro@mikrosilika-trade.com. <\/li>\n \t<li>Twoje dane osobowe przetwarzane b\u0119d\u0105 na podstawie art. 6 ust. 1(f) of the RODO in order to:<\/li>\n<\/ol>\na) prowadzenia fanpage na portalu Facebook poprzez umieszczenie na nim wpis\u00f3w, zdj\u0119\u0107 oraz odpowiedzi na komentarze,\n\nb) kontaktu przez fanpage (w tym: przesy\u0142ania informacji i \u201epolubie\u0144\u201d),\n\nc) zarz\u0105dzania polubieniami, wydarzeniami i komentarzami poprzez portal Facebook.\n<ol start=\"5\">\n \t<li>Twoje dane osobowe przetwarzane b\u0119d\u0105 na podstawie art. 6 ust. 1 lit.a RODO (na podstawie wyra\u017conej zgody) w celu kierowania reklamy z fanpage na Facebooku i Instagramie do os\u00f3b, kt\u00f3re dokona\u0142y interakcji z fanpage Mikrosilika Trade. You may withdraw the consent you have given by contacting us at the following email address: biuro@mikrosilika-trade.com.<\/li>\n \t<li>Twoje dane b\u0119d\u0105 udost\u0119pniane:<\/li>\n<\/ol>\na) dostawcom us\u0142ug informatycznych lub prawnych,\n\nb) entities entitled to obtain personal data under the law.\n<ol start=\"7\">\n \t<li>Dane osobowe b\u0119d\u0105 przetwarzane do momentu zamkni\u0119cia fanpage lub do momentu wycofania zgody.<\/li>\n \t<li>Posiadasz prawo dost\u0119pu do tre\u015bci swoich danych oraz prawo ich sprostowania, usuni\u0119cia, ograniczenia przetwarzania, prawo do przenoszenia danych, prawo wniesienia sprzeciwu- na warunkach okre\u015blonych w przepisach RODO.<\/li>\n \t<li>Posiadasz prawo wniesienia skargi do organu nadzorczego zajmuj\u0105cego si\u0119 ochron\u0105 danych osobowych.<\/li>\n \t<li>Przetwarzanie Twoich danych osobowych jest niezb\u0119dne do umieszczania informacji, komentarzy i \u201epolubie\u0144\u201d na fanpage Mikrosilika Trade na portalu Facebook oraz do kierowania reklamy z fanpage na Facebooku i Instagramie do os\u00f3b, kt\u00f3re dokona\u0142y interakcji z fanpage.<\/li>\n<\/ol>\n<strong>CO JESZCZE POWINIENE\u015a WIEDZIE\u0106?<\/strong>\n\nW sprawach nieuregulowanych w Polityce prywatno\u015bci i cookies zastosowanie maj\u0105 przepisy Kodeksu cywilnego i odpowiednich ustaw prawa polskiego oraz prawa Unii Europejskiej, w tym; RODO (Rozporz\u0105dzenie Parlamentu Europejskiego i Rady (UE) 2016\/679 z dnia 27 kwietnia 2016 r.\nw sprawie ochrony os\u00f3b fizycznych w zwi\u0105zku z przetwarzaniem danych osobowych i w sprawie swobodnego przep\u0142ywu takich danych oraz uchylenia dyrektywy 95\/46\/WE. \n\nW przypadku zmiany obowi\u0105zuj\u0105cej Polityki prywatno\u015bci i cookies odpowiednie jej modyfikacje zostan\u0105 udost\u0119pnione na stronie Serwisu.\n\n<\/div>\t\t\t\t\t\t\t\t<\/div>\n\t\t\t\t<\/div>\n\t\t\t\t\t<\/div>\n\t\t<\/div>\n\t\t\t\t\t<\/div>\n\t\t<\/section>\n\t\t\t\t<\/div>\n\t\t","protected":false},"excerpt":{"rendered":"<p>Privacy and Cookies Policy WHO IS THE OPERATOR OF THE SERVICE? The operator of the www.mikrosilika-trade.com website is Natalia Wianecka conducting business under the name Mikrosilika TRADE NATALIA WIANECKA, Janki Al. Krakowska 30, 05-090 Raszyn, NIP: 8652492766, REGON: 180542129. The Operator, who is also the Data Controller, attaches great importance to respecting your privacy and [&hellip;]<\/p>\n","protected":false},"author":2,"featured_media":0,"parent":0,"menu_order":0,"comment_status":"closed","ping_status":"closed","template":"","meta":{"footnotes":""},"class_list":["post-903","page","type-page","status-publish","hentry"],"yoast_head":"<!-- This site is optimized with the Yoast SEO plugin v26.0 - https:\/\/yoast.com\/wordpress\/plugins\/seo\/ -->\n<title>Privacy and Cookies Policy - Mikrosilika Trade<\/title>\n<meta name=\"description\" content=\"We invite you to read our privacy policy and information about the information we collect (Cookies)\" \/>\n<meta name=\"robots\" content=\"index, follow, max-snippet:-1, max-image-preview:large, max-video-preview:-1\" \/>\n<link rel=\"canonical\" href=\"https:\/\/mikrosilika-trade.com\/en\/polityka-prywatnosci-i-cookies\/\" \/>\n<meta property=\"og:locale\" content=\"en_US\" \/>\n<meta property=\"og:type\" content=\"article\" \/>\n<meta property=\"og:title\" content=\"Privacy and Cookies Policy - Mikrosilika Trade\" \/>\n<meta property=\"og:description\" content=\"We invite you to read our privacy policy and information about the information we collect (Cookies)\" \/>\n<meta property=\"og:url\" content=\"https:\/\/mikrosilika-trade.com\/en\/polityka-prywatnosci-i-cookies\/\" \/>\n<meta property=\"og:site_name\" content=\"Mikrosilika Trade\" \/>\n<meta property=\"article:modified_time\" content=\"2025-01-31T12:58:23+00:00\" \/>\n<meta name=\"twitter:card\" content=\"summary_large_image\" \/>\n<meta name=\"twitter:label1\" content=\"Est. reading time\" \/>\n\t<meta name=\"twitter:data1\" content=\"9 minutes\" \/>\n<script type=\"application\/ld+json\" class=\"yoast-schema-graph\">{\"@context\":\"https:\/\/schema.org\",\"@graph\":[{\"@type\":\"WebPage\",\"@id\":\"https:\/\/mikrosilika-trade.com\/en\/polityka-prywatnosci-i-cookies\/\",\"url\":\"https:\/\/mikrosilika-trade.com\/en\/polityka-prywatnosci-i-cookies\/\",\"name\":\"Privacy and Cookies Policy - Mikrosilika Trade\",\"isPartOf\":{\"@id\":\"https:\/\/mikrosilika-trade.com\/#website\"},\"datePublished\":\"2022-01-18T11:42:51+00:00\",\"dateModified\":\"2025-01-31T12:58:23+00:00\",\"description\":\"We invite you to read our privacy policy and information about the information we collect (Cookies)\",\"breadcrumb\":{\"@id\":\"https:\/\/mikrosilika-trade.com\/en\/polityka-prywatnosci-i-cookies\/#breadcrumb\"},\"inLanguage\":\"en-US\",\"potentialAction\":[{\"@type\":\"ReadAction\",\"target\":[\"https:\/\/mikrosilika-trade.com\/en\/polityka-prywatnosci-i-cookies\/\"]}]},{\"@type\":\"BreadcrumbList\",\"@id\":\"https:\/\/mikrosilika-trade.com\/en\/polityka-prywatnosci-i-cookies\/#breadcrumb\",\"itemListElement\":[{\"@type\":\"ListItem\",\"position\":1,\"name\":\"Strona g\u0142\u00f3wna\",\"item\":\"https:\/\/mikrosilika-trade.com\/\"},{\"@type\":\"ListItem\",\"position\":2,\"name\":\"Privacy and Cookies Policy\"}]},{\"@type\":\"WebSite\",\"@id\":\"https:\/\/mikrosilika-trade.com\/#website\",\"url\":\"https:\/\/mikrosilika-trade.com\/\",\"name\":\"Mikrosilika Trade\",\"description\":\"Innowacyjne dodatki do betonu\",\"publisher\":{\"@id\":\"https:\/\/mikrosilika-trade.com\/#organization\"},\"potentialAction\":[{\"@type\":\"SearchAction\",\"target\":{\"@type\":\"EntryPoint\",\"urlTemplate\":\"https:\/\/mikrosilika-trade.com\/?s={search_term_string}\"},\"query-input\":{\"@type\":\"PropertyValueSpecification\",\"valueRequired\":true,\"valueName\":\"search_term_string\"}}],\"inLanguage\":\"en-US\"},{\"@type\":\"Organization\",\"@id\":\"https:\/\/mikrosilika-trade.com\/#organization\",\"name\":\"Mikrosilika Trade\",\"url\":\"https:\/\/mikrosilika-trade.com\/\",\"logo\":{\"@type\":\"ImageObject\",\"inLanguage\":\"en-US\",\"@id\":\"https:\/\/mikrosilika-trade.com\/#\/schema\/logo\/image\/\",\"url\":\"https:\/\/mikrosilika-trade.com\/wp-content\/uploads\/2024\/09\/mikrosilika-trade-natalia-wianecka.svg\",\"contentUrl\":\"https:\/\/mikrosilika-trade.com\/wp-content\/uploads\/2024\/09\/mikrosilika-trade-natalia-wianecka.svg\",\"caption\":\"Mikrosilika Trade\"},\"image\":{\"@id\":\"https:\/\/mikrosilika-trade.com\/#\/schema\/logo\/image\/\"}}]}<\/script>\n<!-- \/ Yoast SEO plugin. -->","yoast_head_json":{"title":"Privacy and Cookies Policy - Mikrosilika Trade","description":"We invite you to read our privacy policy and information about the information we collect (Cookies)","robots":{"index":"index","follow":"follow","max-snippet":"max-snippet:-1","max-image-preview":"max-image-preview:large","max-video-preview":"max-video-preview:-1"},"canonical":"https:\/\/mikrosilika-trade.com\/en\/polityka-prywatnosci-i-cookies\/","og_locale":"en_US","og_type":"article","og_title":"Privacy and Cookies Policy - Mikrosilika Trade","og_description":"We invite you to read our privacy policy and information about the information we collect (Cookies)","og_url":"https:\/\/mikrosilika-trade.com\/en\/polityka-prywatnosci-i-cookies\/","og_site_name":"Mikrosilika Trade","article_modified_time":"2025-01-31T12:58:23+00:00","twitter_card":"summary_large_image","twitter_misc":{"Est. reading time":"9 minutes"},"schema":{"@context":"https:\/\/schema.org","@graph":[{"@type":"WebPage","@id":"https:\/\/mikrosilika-trade.com\/en\/polityka-prywatnosci-i-cookies\/","url":"https:\/\/mikrosilika-trade.com\/en\/polityka-prywatnosci-i-cookies\/","name":"Privacy and Cookies Policy - Mikrosilika Trade","isPartOf":{"@id":"https:\/\/mikrosilika-trade.com\/#website"},"datePublished":"2022-01-18T11:42:51+00:00","dateModified":"2025-01-31T12:58:23+00:00","description":"We invite you to read our privacy policy and information about the information we collect (Cookies)","breadcrumb":{"@id":"https:\/\/mikrosilika-trade.com\/en\/polityka-prywatnosci-i-cookies\/#breadcrumb"},"inLanguage":"en-US","potentialAction":[{"@type":"ReadAction","target":["https:\/\/mikrosilika-trade.com\/en\/polityka-prywatnosci-i-cookies\/"]}]},{"@type":"BreadcrumbList","@id":"https:\/\/mikrosilika-trade.com\/en\/polityka-prywatnosci-i-cookies\/#breadcrumb","itemListElement":[{"@type":"ListItem","position":1,"name":"Strona g\u0142\u00f3wna","item":"https:\/\/mikrosilika-trade.com\/"},{"@type":"ListItem","position":2,"name":"Privacy and Cookies Policy"}]},{"@type":"WebSite","@id":"https:\/\/mikrosilika-trade.com\/#website","url":"https:\/\/mikrosilika-trade.com\/","name":"Mikrosilika Trade","description":"Innowacyjne dodatki do betonu","publisher":{"@id":"https:\/\/mikrosilika-trade.com\/#organization"},"potentialAction":[{"@type":"SearchAction","target":{"@type":"EntryPoint","urlTemplate":"https:\/\/mikrosilika-trade.com\/?s={search_term_string}"},"query-input":{"@type":"PropertyValueSpecification","valueRequired":true,"valueName":"search_term_string"}}],"inLanguage":"en-US"},{"@type":"Organization","@id":"https:\/\/mikrosilika-trade.com\/#organization","name":"Mikrosilika Trade","url":"https:\/\/mikrosilika-trade.com\/","logo":{"@type":"ImageObject","inLanguage":"en-US","@id":"https:\/\/mikrosilika-trade.com\/#\/schema\/logo\/image\/","url":"https:\/\/mikrosilika-trade.com\/wp-content\/uploads\/2024\/09\/mikrosilika-trade-natalia-wianecka.svg","contentUrl":"https:\/\/mikrosilika-trade.com\/wp-content\/uploads\/2024\/09\/mikrosilika-trade-natalia-wianecka.svg","caption":"Mikrosilika Trade"},"image":{"@id":"https:\/\/mikrosilika-trade.com\/#\/schema\/logo\/image\/"}}]}},"_links":{"self":[{"href":"https:\/\/mikrosilika-trade.com\/en\/wp-json\/wp\/v2\/pages\/903","targetHints":{"allow":["GET"]}}],"collection":[{"href":"https:\/\/mikrosilika-trade.com\/en\/wp-json\/wp\/v2\/pages"}],"about":[{"href":"https:\/\/mikrosilika-trade.com\/en\/wp-json\/wp\/v2\/types\/page"}],"author":[{"embeddable":true,"href":"https:\/\/mikrosilika-trade.com\/en\/wp-json\/wp\/v2\/users\/2"}],"replies":[{"embeddable":true,"href":"https:\/\/mikrosilika-trade.com\/en\/wp-json\/wp\/v2\/comments?post=903"}],"version-history":[{"count":4,"href":"https:\/\/mikrosilika-trade.com\/en\/wp-json\/wp\/v2\/pages\/903\/revisions"}],"predecessor-version":[{"id":3575,"href":"https:\/\/mikrosilika-trade.com\/en\/wp-json\/wp\/v2\/pages\/903\/revisions\/3575"}],"wp:attachment":[{"href":"https:\/\/mikrosilika-trade.com\/en\/wp-json\/wp\/v2\/media?parent=903"}],"curies":[{"name":"wp","href":"https:\/\/api.w.org\/{rel}","templated":true}]}}