{"id":3357,"date":"2024-09-11T12:31:59","date_gmt":"2024-09-11T10:31:59","guid":{"rendered":"https:\/\/mikrosilika-trade.com\/chi-siamo\/"},"modified":"2024-10-31T15:43:09","modified_gmt":"2024-10-31T14:43:09","slug":"chi-siamo","status":"publish","type":"page","link":"https:\/\/mikrosilika-trade.com\/it\/chi-siamo\/","title":{"rendered":"Chi siamo"},"content":{"rendered":"\t\t<div data-elementor-type=\"wp-page\" data-elementor-id=\"3357\" class=\"elementor elementor-3357 elementor-2652\" data-elementor-post-type=\"page\">\n\t\t\t\t<div class=\"elementor-element elementor-element-e962198 e-flex e-con-boxed e-con e-parent\" data-id=\"e962198\" data-element_type=\"container\" data-settings=\"{&quot;background_background&quot;:&quot;classic&quot;}\">\n\t\t\t\t\t<div class=\"e-con-inner\">\n\t\t\t\t<div class=\"elementor-element elementor-element-05188ba elementor-widget elementor-widget-heading\" data-id=\"05188ba\" data-element_type=\"widget\" data-widget_type=\"heading.default\">\n\t\t\t\t<div class=\"elementor-widget-container\">\n\t\t\t\t\t<h1 class=\"elementor-heading-title elementor-size-default\">Chi siamo<\/h1>\t\t\t\t<\/div>\n\t\t\t\t<\/div>\n\t\t\t\t\t<\/div>\n\t\t\t\t<\/div>\n\t\t<div class=\"elementor-element elementor-element-d0b0ac4 e-flex e-con-boxed e-con e-parent\" data-id=\"d0b0ac4\" data-element_type=\"container\" data-settings=\"{&quot;background_background&quot;:&quot;classic&quot;}\">\n\t\t\t\t\t<div class=\"e-con-inner\">\n\t\t<div class=\"elementor-element elementor-element-6e18849 e-con-full e-flex e-con e-child\" data-id=\"6e18849\" data-element_type=\"container\" data-settings=\"{&quot;background_background&quot;:&quot;classic&quot;}\">\n\t\t\t\t<\/div>\n\t\t<div class=\"elementor-element elementor-element-f9df648 e-con-full e-flex e-con e-child\" data-id=\"f9df648\" data-element_type=\"container\">\n\t\t<div class=\"elementor-element elementor-element-aa80a0c e-con-full e-flex e-con e-child\" data-id=\"aa80a0c\" data-element_type=\"container\" data-settings=\"{&quot;background_background&quot;:&quot;classic&quot;}\">\n\t\t\t\t<div class=\"elementor-element elementor-element-a5193c2 elementor-widget elementor-widget-heading\" data-id=\"a5193c2\" data-element_type=\"widget\" data-widget_type=\"heading.default\">\n\t\t\t\t<div class=\"elementor-widget-container\">\n\t\t\t\t\t<h2 class=\"elementor-heading-title elementor-size-default\">MIKROSILIKA TRADE<\/h2>\t\t\t\t<\/div>\n\t\t\t\t<\/div>\n\t\t\t\t<div class=\"elementor-element elementor-element-124ccc3 elementor-widget elementor-widget-text-editor\" data-id=\"124ccc3\" data-element_type=\"widget\" data-widget_type=\"text-editor.default\">\n\t\t\t\t<div class=\"elementor-widget-container\">\n\t\t\t\t\t\t\t\t\t<p>Siamo un&#8217;azienda commerciale internazionale che dal 2014 sta crescendo rapidamente nel settore dei servizi per l&#8217;edilizia. La nostra specialit\u00e0 \u00e8 la microsilice come materia prima di alta gamma, la cui qualit\u00e0 \u00e8 certificata. <\/p>\n\t\t\t\t\t\t\t\t<\/div>\n\t\t\t\t<\/div>\n\t\t\t\t<div class=\"elementor-element elementor-element-64c9d7f elementor-widget elementor-widget-text-editor\" data-id=\"64c9d7f\" data-element_type=\"widget\" data-widget_type=\"text-editor.default\">\n\t\t\t\t<div class=\"elementor-widget-container\">\n\t\t\t\t\t\t\t\t\t<p>Forniamo i nostri prodotti a clienti in Polonia, Germania, Finlandia, Svezia, Francia, Spagna, Portogallo, Repubblica Ceca, Slovacchia e Ucraina. Stiamo inoltre sviluppando la nostra rete di vendita nei mercati del Nord America, nei Balcani e nei paesi del Medio Oriente. <\/p>\n\t\t\t\t\t\t\t\t<\/div>\n\t\t\t\t<\/div>\n\t\t\t\t<\/div>\n\t\t<div class=\"elementor-element elementor-element-2fe16ad e-con-full e-flex e-con e-child\" data-id=\"2fe16ad\" data-element_type=\"container\">\n\t\t\t\t<div class=\"elementor-element elementor-element-469ab7c elementor-widget elementor-widget-heading\" data-id=\"469ab7c\" data-element_type=\"widget\" data-widget_type=\"heading.default\">\n\t\t\t\t<div class=\"elementor-widget-container\">\n\t\t\t\t\t<h3 class=\"elementor-heading-title elementor-size-default\">Missione dell'azienda<\/h3>\t\t\t\t<\/div>\n\t\t\t\t<\/div>\n\t\t\t\t<div class=\"elementor-element elementor-element-a837771 elementor-widget elementor-widget-text-editor\" data-id=\"a837771\" data-element_type=\"widget\" data-widget_type=\"text-editor.default\">\n\t\t\t\t<div class=\"elementor-widget-container\">\n\t\t\t\t\t\t\t\t\t<p>La nostra missione \u00e8 supportare i nostri clienti nel mantenere la produzione fluida fornendo additivi di altissima qualit\u00e0 per i materiali da costruzione.<\/p>\n\t\t\t\t\t\t\t\t<\/div>\n\t\t\t\t<\/div>\n\t\t\t\t<\/div>\n\t\t\t\t<\/div>\n\t\t\t\t\t<\/div>\n\t\t\t\t<\/div>\n\t\t<div class=\"elementor-element elementor-element-8adee1f e-flex e-con-boxed e-con e-parent\" data-id=\"8adee1f\" data-element_type=\"container\" data-settings=\"{&quot;background_background&quot;:&quot;classic&quot;}\">\n\t\t\t\t\t<div class=\"e-con-inner\">\n\t\t<div class=\"elementor-element elementor-element-eccc503 e-con-full e-flex e-con e-child\" data-id=\"eccc503\" data-element_type=\"container\">\n\t\t<div class=\"elementor-element elementor-element-74fe3dc e-con-full e-flex e-con e-child\" data-id=\"74fe3dc\" data-element_type=\"container\" data-settings=\"{&quot;background_background&quot;:&quot;classic&quot;}\">\n\t\t\t\t<div class=\"elementor-element elementor-element-3e74374 elementor-widget elementor-widget-heading\" data-id=\"3e74374\" data-element_type=\"widget\" data-widget_type=\"heading.default\">\n\t\t\t\t<div class=\"elementor-widget-container\">\n\t\t\t\t\t<h2 class=\"elementor-heading-title elementor-size-default\">&nbsp;Perch\u00e9 lavorare con noi<\/h2>\t\t\t\t<\/div>\n\t\t\t\t<\/div>\n\t\t\t\t<div class=\"elementor-element elementor-element-36c28ef elementor-widget elementor-widget-text-editor\" data-id=\"36c28ef\" data-element_type=\"widget\" data-widget_type=\"text-editor.default\">\n\t\t\t\t<div class=\"elementor-widget-container\">\n\t\t\t\t\t\t\t\t\t<p>Adattiamo la nostra offerta alle esigenze individuali di ogni cliente. Nell&#8217;ambito di una collaborazione continuativa, offriamo termini di pagamento flessibili con possibilit\u00e0 di dilazione. Ci occupiamo anche della logistica, il che garantisce comodit\u00e0 e risparmio di tempo ai nostri clienti. Grazie alla collaborazione a lungo termine con i trasportatori, possiamo offrire tariffe di trasporto competitive.   <\/p>\n\t\t\t\t\t\t\t\t<\/div>\n\t\t\t\t<\/div>\n\t\t\t\t<div class=\"elementor-element elementor-element-1deb183 elementor-widget elementor-widget-button\" data-id=\"1deb183\" data-element_type=\"widget\" data-widget_type=\"button.default\">\n\t\t\t\t<div class=\"elementor-widget-container\">\n\t\t\t\t\t\t\t\t\t<div class=\"elementor-button-wrapper\">\n\t\t\t\t\t<a class=\"elementor-button elementor-button-link elementor-size-sm\" href=\"https:\/\/mikrosilika-trade.com\/it\/prodotti\/\">\n\t\t\t\t\t\t<span class=\"elementor-button-content-wrapper\">\n\t\t\t\t\t\t\t\t\t<span class=\"elementor-button-text\">Mostra i prodotti<\/span>\n\t\t\t\t\t<\/span>\n\t\t\t\t\t<\/a>\n\t\t\t\t<\/div>\n\t\t\t\t\t\t\t\t<\/div>\n\t\t\t\t<\/div>\n\t\t\t\t<\/div>\n\t\t\t\t<\/div>\n\t\t<div class=\"elementor-element elementor-element-7dece75 e-con-full e-flex e-con e-child\" data-id=\"7dece75\" data-element_type=\"container\" data-settings=\"{&quot;background_background&quot;:&quot;classic&quot;}\">\n\t\t\t\t<\/div>\n\t\t\t\t\t<\/div>\n\t\t\t\t<\/div>\n\t\t<div class=\"elementor-element elementor-element-0eb4397 e-con-full e-flex e-con e-parent\" data-id=\"0eb4397\" data-element_type=\"container\">\n\t\t\t\t<div class=\"elementor-element elementor-element-f28bec1 elementor-widget elementor-widget-template\" data-id=\"f28bec1\" data-element_type=\"widget\" data-widget_type=\"template.default\">\n\t\t\t\t<div class=\"elementor-widget-container\">\n\t\t\t\t\t\t\t<div class=\"elementor-template\">\n\t\t\t\t\t<div data-elementor-type=\"container\" data-elementor-id=\"3379\" class=\"elementor elementor-3379 elementor-2686\" data-elementor-post-type=\"elementor_library\">\n\t\t\t\t<div class=\"elementor-element elementor-element-68458c3b e-flex e-con-boxed e-con e-parent\" data-id=\"68458c3b\" data-element_type=\"container\" data-settings=\"{&quot;background_background&quot;:&quot;classic&quot;}\">\n\t\t\t\t\t<div class=\"e-con-inner\">\n\t\t<div class=\"elementor-element elementor-element-5e1781c7 e-con-full e-flex e-con e-child\" data-id=\"5e1781c7\" data-element_type=\"container\">\n\t\t\t\t<div class=\"elementor-element elementor-element-26f9ea9 elementor-widget elementor-widget-heading\" data-id=\"26f9ea9\" data-element_type=\"widget\" data-widget_type=\"heading.default\">\n\t\t\t\t<div class=\"elementor-widget-container\">\n\t\t\t\t\t<h2 class=\"elementor-heading-title elementor-size-default\"><br>&nbsp;Mikrosilika Trade Natalia Wianecka<\/h2>\t\t\t\t<\/div>\n\t\t\t\t<\/div>\n\t\t\t\t<div class=\"elementor-element elementor-element-6c3d2b62 elementor-widget elementor-widget-text-editor\" data-id=\"6c3d2b62\" data-element_type=\"widget\" data-widget_type=\"text-editor.default\">\n\t\t\t\t<div class=\"elementor-widget-container\">\n\t\t\t\t\t\t\t\t\t<p>ul. <\/p>\n<p>Kwiatkowskiego 1\/223 37-450 Stalowa Wola POLONIA<\/p>\n\t\t\t\t\t\t\t\t<\/div>\n\t\t\t\t<\/div>\n\t\t\t\t<div class=\"elementor-element elementor-element-6a35601b elementor-widget elementor-widget-button\" data-id=\"6a35601b\" data-element_type=\"widget\" data-widget_type=\"button.default\">\n\t\t\t\t<div class=\"elementor-widget-container\">\n\t\t\t\t\t\t\t\t\t<div class=\"elementor-button-wrapper\">\n\t\t\t\t\t<a class=\"elementor-button elementor-button-link elementor-size-sm\" href=\"tel:+48664977200\">\n\t\t\t\t\t\t<span class=\"elementor-button-content-wrapper\">\n\t\t\t\t\t\t\t\t\t<span class=\"elementor-button-text\">Chiamare: +48 664 977 200<\/span>\n\t\t\t\t\t<\/span>\n\t\t\t\t\t<\/a>\n\t\t\t\t<\/div>\n\t\t\t\t\t\t\t\t<\/div>\n\t\t\t\t<\/div>\n\t\t\t\t<div class=\"elementor-element elementor-element-e92bb41 elementor-widget elementor-widget-heading\" data-id=\"e92bb41\" data-element_type=\"widget\" data-widget_type=\"heading.default\">\n\t\t\t\t<div class=\"elementor-widget-container\">\n\t\t\t\t\t<div class=\"elementor-heading-title elementor-size-default\"><a href=\"mailto:biuro@mikrosilika-trade.com\">biuro@mikrosilika-trade.com<\/a><\/div>\t\t\t\t<\/div>\n\t\t\t\t<\/div>\n\t\t\t\t<\/div>\n\t\t<div class=\"elementor-element elementor-element-6ae217f9 e-con-full e-flex e-con e-child\" data-id=\"6ae217f9\" data-element_type=\"container\" data-settings=\"{&quot;background_background&quot;:&quot;classic&quot;}\">\n\t\t\t\t<div class=\"elementor-element elementor-element-678b1974 elementor-widget elementor-widget-heading\" data-id=\"678b1974\" data-element_type=\"widget\" data-widget_type=\"heading.default\">\n\t\t\t\t<div class=\"elementor-widget-container\">\n\t\t\t\t\t<h3 class=\"elementor-heading-title elementor-size-default\">Avete domande? &nbsp;Scrivici!<\/h3>\t\t\t\t<\/div>\n\t\t\t\t<\/div>\n\t\t\t\t<div class=\"elementor-element elementor-element-e9eb081 elementor-widget elementor-widget-text-editor\" data-id=\"e9eb081\" data-element_type=\"widget\" data-widget_type=\"text-editor.default\">\n\t\t\t\t<div class=\"elementor-widget-container\">\n\t\t\t\t\t\t\t\t\t<p>Lascia i tuoi dati e ti contatteremo per fornirti informazioni.<\/p>\n\t\t\t\t\t\t\t\t<\/div>\n\t\t\t\t<\/div>\n\t\t\t\t<div class=\"elementor-element elementor-element-5ece48dc elementor-button-align-start elementor-mobile-button-align-stretch elementor-widget elementor-widget-form\" data-id=\"5ece48dc\" data-element_type=\"widget\" data-settings=\"{&quot;step_next_label&quot;:&quot;Avanti&quot;,&quot;step_previous_label&quot;:&quot;Precedente&quot;,&quot;button_width&quot;:&quot;100&quot;,&quot;step_type&quot;:&quot;number_text&quot;,&quot;step_icon_shape&quot;:&quot;circle&quot;}\" data-widget_type=\"form.default\">\n\t\t\t\t<div class=\"elementor-widget-container\">\n\t\t\t\t\t\t\t<form class=\"elementor-form\" method=\"post\" name=\"Contatto\">\n\t\t\t<input type=\"hidden\" name=\"post_id\" value=\"3379\"\/>\n\t\t\t<input type=\"hidden\" name=\"form_id\" value=\"5ece48dc\"\/>\n\t\t\t<input type=\"hidden\" name=\"referer_title\" value=\"Mikrosilika Trade\" \/>\n\n\t\t\t\n\t\t\t<div class=\"elementor-form-fields-wrapper elementor-labels-\">\n\t\t\t\t\t\t\t\t<div class=\"elementor-field-type-text elementor-field-group elementor-column elementor-field-group-name elementor-col-50 elementor-md-50 elementor-field-required\">\n\t\t\t\t\t\t\t\t\t\t\t\t<label for=\"form-field-name\" class=\"elementor-field-label elementor-screen-only\">\n\t\t\t\t\t\t\t\tNome\t\t\t\t\t\t\t<\/label>\n\t\t\t\t\t\t\t\t\t\t\t\t\t\t<input size=\"1\" type=\"text\" name=\"form_fields[name]\" id=\"form-field-name\" class=\"elementor-field elementor-size-sm  elementor-field-textual\" placeholder=\"Nome\" required=\"required\" aria-required=\"true\">\n\t\t\t\t\t\t\t\t\t\t\t<\/div>\n\t\t\t\t\t\t\t\t<div class=\"elementor-field-type-text elementor-field-group elementor-column elementor-field-group-company elementor-col-50 elementor-md-50 elementor-field-required\">\n\t\t\t\t\t\t\t\t\t\t\t\t<label for=\"form-field-company\" class=\"elementor-field-label elementor-screen-only\">\n\t\t\t\t\t\t\t\tNome della societ\u00e0\t\t\t\t\t\t\t<\/label>\n\t\t\t\t\t\t\t\t\t\t\t\t\t\t<input size=\"1\" type=\"text\" name=\"form_fields[company]\" id=\"form-field-company\" class=\"elementor-field elementor-size-sm  elementor-field-textual\" placeholder=\"Nome della societ\u00e0\" required=\"required\" aria-required=\"true\">\n\t\t\t\t\t\t\t\t\t\t\t<\/div>\n\t\t\t\t\t\t\t\t<div class=\"elementor-field-type-text elementor-field-group elementor-column elementor-field-group-phone elementor-col-50 elementor-field-required\">\n\t\t\t\t\t\t\t\t\t\t\t\t<label for=\"form-field-phone\" class=\"elementor-field-label elementor-screen-only\">\n\t\t\t\t\t\t\t\tNumero di telefono\t\t\t\t\t\t\t<\/label>\n\t\t\t\t\t\t\t\t\t\t\t\t\t\t<input size=\"1\" type=\"text\" name=\"form_fields[phone]\" id=\"form-field-phone\" class=\"elementor-field elementor-size-sm  elementor-field-textual\" placeholder=\"Numero di telefono\" required=\"required\" aria-required=\"true\">\n\t\t\t\t\t\t\t\t\t\t\t<\/div>\n\t\t\t\t\t\t\t\t<div class=\"elementor-field-type-email elementor-field-group elementor-column elementor-field-group-email elementor-col-50 elementor-field-required\">\n\t\t\t\t\t\t\t\t\t\t\t\t<label for=\"form-field-email\" class=\"elementor-field-label elementor-screen-only\">\n\t\t\t\t\t\t\t\tIndirizzo e-mail\t\t\t\t\t\t\t<\/label>\n\t\t\t\t\t\t\t\t\t\t\t\t\t\t<input size=\"1\" type=\"email\" name=\"form_fields[email]\" id=\"form-field-email\" class=\"elementor-field elementor-size-sm  elementor-field-textual\" placeholder=\"Indirizzo e-mail\" required=\"required\" aria-required=\"true\">\n\t\t\t\t\t\t\t\t\t\t\t<\/div>\n\t\t\t\t\t\t\t\t<div class=\"elementor-field-type-textarea elementor-field-group elementor-column elementor-field-group-message elementor-col-100 elementor-field-required\">\n\t\t\t\t\t\t\t\t\t\t\t\t<label for=\"form-field-message\" class=\"elementor-field-label elementor-screen-only\">\n\t\t\t\t\t\t\t\tMessaggio\t\t\t\t\t\t\t<\/label>\n\t\t\t\t\t\t<textarea class=\"elementor-field-textual elementor-field  elementor-size-sm\" name=\"form_fields[message]\" id=\"form-field-message\" rows=\"3\" placeholder=\"Messaggio\" required=\"required\" aria-required=\"true\"><\/textarea>\t\t\t\t<\/div>\n\t\t\t\t\t\t\t\t<div class=\"elementor-field-type-acceptance elementor-field-group elementor-column elementor-field-group-acceptance elementor-col-100 elementor-field-required\">\n\t\t\t\t\t\t\t<div class=\"elementor-field-subgroup\">\n\t\t\t<span class=\"elementor-field-option\">\n\t\t\t\t<input type=\"checkbox\" name=\"form_fields[acceptance]\" id=\"form-field-acceptance\" class=\"elementor-field elementor-size-sm  elementor-acceptance-field\" required=\"required\" aria-required=\"true\">\n\t\t\t\t<label for=\"form-field-acceptance\">Desidero essere contattato da Mikrosilika Trade e acconsento al trattamento dei miei dati personali a tale scopo. Posso ritirare il mio consenso in qualsiasi momento contattando biuro@mikrosilika-trade.com.<\/label>\t\t\t<\/span>\n\t\t<\/div>\n\t\t\t\t\t\t<\/div>\n\t\t\t\t\t\t\t\t<div class=\"elementor-field-type-recaptcha_v3 elementor-field-group elementor-column elementor-field-group-field_0a59bd8 elementor-col-100 recaptcha_v3-inline\">\n\t\t\t\t\t<div class=\"elementor-field\" id=\"form-field-field_0a59bd8\"><div class=\"elementor-g-recaptcha\" data-sitekey=\"6LceY50qAAAAAHNqANwVCfZZQ51pSVBkgdgUeQ39\" data-type=\"v3\" data-action=\"Form\" data-badge=\"inline\" data-size=\"invisible\"><\/div><\/div>\t\t\t\t<\/div>\n\t\t\t\t\t\t\t\t<div class=\"elementor-field-group elementor-column elementor-field-type-submit elementor-col-100 e-form__buttons\">\n\t\t\t\t\t<button class=\"elementor-button elementor-size-sm\" type=\"submit\">\n\t\t\t\t\t\t<span class=\"elementor-button-content-wrapper\">\n\t\t\t\t\t\t\t\t\t\t\t\t\t\t\t\t\t\t\t\t\t\t<span class=\"elementor-button-text\">Invia un messaggio<\/span>\n\t\t\t\t\t\t\t\t\t\t\t\t\t<\/span>\n\t\t\t\t\t<\/button>\n\t\t\t\t<\/div>\n\t\t\t<\/div>\n\t\t<\/form>\n\t\t\t\t\t\t<\/div>\n\t\t\t\t<\/div>\n\t\t\t\t<\/div>\n\t\t\t\t\t<\/div>\n\t\t\t\t<\/div>\n\t\t\t\t<\/div>\n\t\t\t\t<\/div>\n\t\t\t\t\t\t<\/div>\n\t\t\t\t<\/div>\n\t\t\t\t<\/div>\n\t\t\t\t<\/div>\n\t\t","protected":false},"excerpt":{"rendered":"<p>Chi siamo MIKROSILIKA TRADE Siamo un&#8217;azienda commerciale internazionale che dal 2014 sta crescendo rapidamente nel settore dei servizi per l&#8217;edilizia. La nostra specialit\u00e0 \u00e8 la microsilice come materia prima di alta gamma, la cui qualit\u00e0 \u00e8 certificata. Forniamo i nostri prodotti a clienti in Polonia, Germania, Finlandia, Svezia, Francia, Spagna, Portogallo, Repubblica Ceca, Slovacchia e [&hellip;]<\/p>\n","protected":false},"author":6,"featured_media":0,"parent":0,"menu_order":0,"comment_status":"closed","ping_status":"closed","template":"","meta":{"footnotes":""},"class_list":["post-3357","page","type-page","status-publish","hentry"],"yoast_head":"<!-- This site is optimized with the Yoast SEO plugin v26.0 - https:\/\/yoast.com\/wordpress\/plugins\/seo\/ -->\n<title>Chi siamo - Mikrosilika Trade<\/title>\n<meta name=\"robots\" content=\"index, follow, max-snippet:-1, max-image-preview:large, max-video-preview:-1\" \/>\n<link rel=\"canonical\" href=\"https:\/\/mikrosilika-trade.com\/o-nas\/\" \/>\n<meta property=\"og:locale\" content=\"it_IT\" \/>\n<meta property=\"og:type\" content=\"article\" \/>\n<meta property=\"og:title\" content=\"Chi siamo - Mikrosilika Trade\" \/>\n<meta property=\"og:description\" content=\"Chi siamo MIKROSILIKA TRADE Siamo un&#8217;azienda commerciale internazionale che dal 2014 sta crescendo rapidamente nel settore dei servizi per l&#8217;edilizia. La nostra specialit\u00e0 \u00e8 la microsilice come materia prima di alta gamma, la cui qualit\u00e0 \u00e8 certificata. Forniamo i nostri prodotti a clienti in Polonia, Germania, Finlandia, Svezia, Francia, Spagna, Portogallo, Repubblica Ceca, Slovacchia e [&hellip;]\" \/>\n<meta property=\"og:url\" content=\"https:\/\/mikrosilika-trade.com\/o-nas\/\" \/>\n<meta property=\"og:site_name\" content=\"Mikrosilika Trade\" \/>\n<meta property=\"article:modified_time\" content=\"2024-10-31T14:43:09+00:00\" \/>\n<meta name=\"twitter:card\" content=\"summary_large_image\" \/>\n<meta name=\"twitter:label1\" content=\"Tempo di lettura stimato\" \/>\n\t<meta name=\"twitter:data1\" content=\"1 minuto\" \/>\n<script type=\"application\/ld+json\" class=\"yoast-schema-graph\">{\"@context\":\"https:\/\/schema.org\",\"@graph\":[{\"@type\":\"WebPage\",\"@id\":\"https:\/\/mikrosilika-trade.com\/o-nas\/\",\"url\":\"https:\/\/mikrosilika-trade.com\/o-nas\/\",\"name\":\"Chi siamo - Mikrosilika Trade\",\"isPartOf\":{\"@id\":\"https:\/\/mikrosilika-trade.com\/#website\"},\"datePublished\":\"2024-09-11T10:31:59+00:00\",\"dateModified\":\"2024-10-31T14:43:09+00:00\",\"breadcrumb\":{\"@id\":\"https:\/\/mikrosilika-trade.com\/o-nas\/#breadcrumb\"},\"inLanguage\":\"it-IT\",\"potentialAction\":[{\"@type\":\"ReadAction\",\"target\":[\"https:\/\/mikrosilika-trade.com\/o-nas\/\"]}]},{\"@type\":\"BreadcrumbList\",\"@id\":\"https:\/\/mikrosilika-trade.com\/o-nas\/#breadcrumb\",\"itemListElement\":[{\"@type\":\"ListItem\",\"position\":1,\"name\":\"Strona g\u0142\u00f3wna\",\"item\":\"https:\/\/mikrosilika-trade.com\/\"},{\"@type\":\"ListItem\",\"position\":2,\"name\":\"Chi siamo\"}]},{\"@type\":\"WebSite\",\"@id\":\"https:\/\/mikrosilika-trade.com\/#website\",\"url\":\"https:\/\/mikrosilika-trade.com\/\",\"name\":\"Mikrosilika Trade\",\"description\":\"Innowacyjne dodatki do betonu\",\"publisher\":{\"@id\":\"https:\/\/mikrosilika-trade.com\/#organization\"},\"potentialAction\":[{\"@type\":\"SearchAction\",\"target\":{\"@type\":\"EntryPoint\",\"urlTemplate\":\"https:\/\/mikrosilika-trade.com\/?s={search_term_string}\"},\"query-input\":{\"@type\":\"PropertyValueSpecification\",\"valueRequired\":true,\"valueName\":\"search_term_string\"}}],\"inLanguage\":\"it-IT\"},{\"@type\":\"Organization\",\"@id\":\"https:\/\/mikrosilika-trade.com\/#organization\",\"name\":\"Mikrosilika Trade\",\"url\":\"https:\/\/mikrosilika-trade.com\/\",\"logo\":{\"@type\":\"ImageObject\",\"inLanguage\":\"it-IT\",\"@id\":\"https:\/\/mikrosilika-trade.com\/#\/schema\/logo\/image\/\",\"url\":\"https:\/\/mikrosilika-trade.com\/wp-content\/uploads\/2024\/09\/mikrosilika-trade-natalia-wianecka.svg\",\"contentUrl\":\"https:\/\/mikrosilika-trade.com\/wp-content\/uploads\/2024\/09\/mikrosilika-trade-natalia-wianecka.svg\",\"caption\":\"Mikrosilika Trade\"},\"image\":{\"@id\":\"https:\/\/mikrosilika-trade.com\/#\/schema\/logo\/image\/\"}}]}<\/script>\n<!-- \/ Yoast SEO plugin. -->","yoast_head_json":{"title":"Chi siamo - Mikrosilika Trade","robots":{"index":"index","follow":"follow","max-snippet":"max-snippet:-1","max-image-preview":"max-image-preview:large","max-video-preview":"max-video-preview:-1"},"canonical":"https:\/\/mikrosilika-trade.com\/o-nas\/","og_locale":"it_IT","og_type":"article","og_title":"Chi siamo - Mikrosilika Trade","og_description":"Chi siamo MIKROSILIKA TRADE Siamo un&#8217;azienda commerciale internazionale che dal 2014 sta crescendo rapidamente nel settore dei servizi per l&#8217;edilizia. La nostra specialit\u00e0 \u00e8 la microsilice come materia prima di alta gamma, la cui qualit\u00e0 \u00e8 certificata. Forniamo i nostri prodotti a clienti in Polonia, Germania, Finlandia, Svezia, Francia, Spagna, Portogallo, Repubblica Ceca, Slovacchia e [&hellip;]","og_url":"https:\/\/mikrosilika-trade.com\/o-nas\/","og_site_name":"Mikrosilika Trade","article_modified_time":"2024-10-31T14:43:09+00:00","twitter_card":"summary_large_image","twitter_misc":{"Tempo di lettura stimato":"1 minuto"},"schema":{"@context":"https:\/\/schema.org","@graph":[{"@type":"WebPage","@id":"https:\/\/mikrosilika-trade.com\/o-nas\/","url":"https:\/\/mikrosilika-trade.com\/o-nas\/","name":"Chi siamo - Mikrosilika Trade","isPartOf":{"@id":"https:\/\/mikrosilika-trade.com\/#website"},"datePublished":"2024-09-11T10:31:59+00:00","dateModified":"2024-10-31T14:43:09+00:00","breadcrumb":{"@id":"https:\/\/mikrosilika-trade.com\/o-nas\/#breadcrumb"},"inLanguage":"it-IT","potentialAction":[{"@type":"ReadAction","target":["https:\/\/mikrosilika-trade.com\/o-nas\/"]}]},{"@type":"BreadcrumbList","@id":"https:\/\/mikrosilika-trade.com\/o-nas\/#breadcrumb","itemListElement":[{"@type":"ListItem","position":1,"name":"Strona g\u0142\u00f3wna","item":"https:\/\/mikrosilika-trade.com\/"},{"@type":"ListItem","position":2,"name":"Chi siamo"}]},{"@type":"WebSite","@id":"https:\/\/mikrosilika-trade.com\/#website","url":"https:\/\/mikrosilika-trade.com\/","name":"Mikrosilika Trade","description":"Innowacyjne dodatki do betonu","publisher":{"@id":"https:\/\/mikrosilika-trade.com\/#organization"},"potentialAction":[{"@type":"SearchAction","target":{"@type":"EntryPoint","urlTemplate":"https:\/\/mikrosilika-trade.com\/?s={search_term_string}"},"query-input":{"@type":"PropertyValueSpecification","valueRequired":true,"valueName":"search_term_string"}}],"inLanguage":"it-IT"},{"@type":"Organization","@id":"https:\/\/mikrosilika-trade.com\/#organization","name":"Mikrosilika Trade","url":"https:\/\/mikrosilika-trade.com\/","logo":{"@type":"ImageObject","inLanguage":"it-IT","@id":"https:\/\/mikrosilika-trade.com\/#\/schema\/logo\/image\/","url":"https:\/\/mikrosilika-trade.com\/wp-content\/uploads\/2024\/09\/mikrosilika-trade-natalia-wianecka.svg","contentUrl":"https:\/\/mikrosilika-trade.com\/wp-content\/uploads\/2024\/09\/mikrosilika-trade-natalia-wianecka.svg","caption":"Mikrosilika Trade"},"image":{"@id":"https:\/\/mikrosilika-trade.com\/#\/schema\/logo\/image\/"}}]}},"_links":{"self":[{"href":"https:\/\/mikrosilika-trade.com\/it\/wp-json\/wp\/v2\/pages\/3357","targetHints":{"allow":["GET"]}}],"collection":[{"href":"https:\/\/mikrosilika-trade.com\/it\/wp-json\/wp\/v2\/pages"}],"about":[{"href":"https:\/\/mikrosilika-trade.com\/it\/wp-json\/wp\/v2\/types\/page"}],"author":[{"embeddable":true,"href":"https:\/\/mikrosilika-trade.com\/it\/wp-json\/wp\/v2\/users\/6"}],"replies":[{"embeddable":true,"href":"https:\/\/mikrosilika-trade.com\/it\/wp-json\/wp\/v2\/comments?post=3357"}],"version-history":[{"count":4,"href":"https:\/\/mikrosilika-trade.com\/it\/wp-json\/wp\/v2\/pages\/3357\/revisions"}],"predecessor-version":[{"id":3482,"href":"https:\/\/mikrosilika-trade.com\/it\/wp-json\/wp\/v2\/pages\/3357\/revisions\/3482"}],"wp:attachment":[{"href":"https:\/\/mikrosilika-trade.com\/it\/wp-json\/wp\/v2\/media?parent=3357"}],"curies":[{"name":"wp","href":"https:\/\/api.w.org\/{rel}","templated":true}]}}