{"id":904,"date":"2022-01-18T12:42:51","date_gmt":"2022-01-18T11:42:51","guid":{"rendered":"https:\/\/mikrosilika-trade.com\/polityka-prywatnosci-i-cookies\/"},"modified":"2025-01-31T13:58:26","modified_gmt":"2025-01-31T12:58:26","slug":"polityka-prywatnosci-i-cookies","status":"publish","type":"page","link":"https:\/\/mikrosilika-trade.com\/it\/polityka-prywatnosci-i-cookies\/","title":{"rendered":"Informativa sulla privacy e sui cookie"},"content":{"rendered":"\t\t<div data-elementor-type=\"wp-page\" data-elementor-id=\"904\" class=\"elementor elementor-904 elementor-437\" data-elementor-post-type=\"page\">\n\t\t\t\t\t\t<section class=\"elementor-section elementor-top-section elementor-element elementor-element-3466b96 elementor-section-boxed elementor-section-height-default elementor-section-height-default\" data-id=\"3466b96\" data-element_type=\"section\">\n\t\t\t\t\t\t<div class=\"elementor-container elementor-column-gap-default\">\n\t\t\t\t\t<div class=\"elementor-column elementor-col-100 elementor-top-column elementor-element elementor-element-3e6f38a\" data-id=\"3e6f38a\" data-element_type=\"column\">\n\t\t\t<div class=\"elementor-widget-wrap elementor-element-populated\">\n\t\t\t\t\t\t<div class=\"elementor-element elementor-element-9c2c782 elementor-widget elementor-widget-heading\" data-id=\"9c2c782\" data-element_type=\"widget\" data-widget_type=\"heading.default\">\n\t\t\t\t<div class=\"elementor-widget-container\">\n\t\t\t\t\t<h1 class=\"elementor-heading-title elementor-size-default\">Informativa sulla privacy e sui cookie<\/h1>\t\t\t\t<\/div>\n\t\t\t\t<\/div>\n\t\t\t\t<div class=\"elementor-element elementor-element-aef657d elementor-widget elementor-widget-text-editor\" data-id=\"aef657d\" data-element_type=\"widget\" data-widget_type=\"text-editor.default\">\n\t\t\t\t<div class=\"elementor-widget-container\">\n\t\t\t\t\t\t\t\t\t<h1><strong style=\"color: var( --e-global-color-text ); font-family: var( --e-global-typography-text-font-family ), Sans-serif; font-size: var( --e-global-typography-text-font-size );\">CHI \u00c8 L&#8217;OPERATORE DEL SERVIZIO?<\/strong><\/h1>\n<div>\n\nIl gestore del sito www.mikrosilika-trade.com \u00e8 Natalia Wianecka che gestisce la sua attivit\u00e0 sotto il nome di Mikrosilika TRADE NATALIA WIANECKA, Janki Al. Krakowska 30, 05-090 Raszyn, NIP: 8652492766, REGON: 180542129. \n\nL&#8217;Operatore, che \u00e8 anche il Titolare del trattamento, attribuisce grande importanza al rispetto della tua privacy e alla protezione dei tuoi dati in quanto visitatore e utente del sito web www.mikrosilika-trade.com.\n\n<strong>QUALI INFORMAZIONI VENGONO RACCOLTE DAL SERVIZIO?<\/strong>\n\nIl servizio www.mikrosilika-trade.com svolge funzioni di recupero delle informazioni:\n<ol>\n \t<li>memorizzare i cookie sui dispositivi finali (computer e telefoni cellulari),<\/li>\n \t<li>raccolta dei log del server web da parte dell&#8217;operatore di hosting: cyber_Folks S.A. Franklin Roosevelt 22, 60-829 Poznan,<\/li>\n<\/ol>\nIl servizio memorizza le richieste http dirette al server. Le risorse visualizzate sono identificate da indirizzi url. Per garantire la massima qualit\u00e0 possibile del sito web, analizziamo i file di log per determinare: quali sono i prodotti pi\u00f9 frequentemente ricercati, quali sono i browser web utilizzati, se la struttura delle pagine \u00e8 priva di errori, ecc. I log raccolti vengono archiviati come materiale di supporto (statistiche) per l&#8217;amministrazione del sito web. I cookie raccolti vengono inoltre utilizzati per scopi analitici e pubblicitari, utilizzando i seguenti strumenti: Google Analytics, Google Search Console, Google Tag Manager, HotJar e Facebook Pixel.    \n\n<strong>DOVE PUOI INSERIRE I TUOI DATI?<\/strong>\n<ol>\n \t<li>Attraverso il sito www.mikrosilika-trade.com puoi fornire i tuoi dati personali:\n<ol>\n \t<li>sul modulo di contatto,<\/li>\n<\/ol>\n<\/li>\n<\/ol>\n<ol start=\"2\">\n \t<li>il trattamento dei contatti avviene in conformit\u00e0 all&#8217;articolo 6, paragrafo 1, lettera a), del RODO (consenso). Il consenso viene dato selezionando l&#8217;apposita casella di controllo e pu\u00f2 essere revocato in qualsiasi momento.   <\/li>\n \t<li>I tuoi dati vengono scaricati attraverso le pagine criptate del Sito web e memorizzati in un database protetto dall&#8217;accesso di terzi. L&#8217;Amministratore si adopera per garantire che, in conformit\u00e0 con la legislazione applicabile in materia di protezione dei dati, vengano adottate tutte le misure fisiche, tecniche e organizzative per proteggere i dati personali da distruzione accidentale o dolosa, perdita accidentale, alterazione, divulgazione, uso o accesso non autorizzati. <\/li>\n \t<li>I dati contenuti nei cookie, da soli o in combinazione con altri dati, possono costituire dati personali.<\/li>\n<\/ol>\n<strong>QUALI DATI PERSONALI VENGONO TRATTATI SUL SITO E PER QUALE SCOPO?  <\/strong>\n\n<strong>(CLAUSOLA INFORMATIVA DI RODO)<\/strong>\n<ol>\n \t<li>L&#8217;amministratore dei dati personali \u00e8 Natalia Wianecka che svolge la sua attivit\u00e0 sotto il nome di Mikrosilika TRADE NATALIA WIANECKA, Janki Al. Krakowska 30, 05-090 Raszyn, NIP: 8652492766, REGON: 180542129. <\/li>\n \t<li>I dati delle persone che utilizzano il modulo di contatto del Negozio www.mikrosilika-trade.com saranno trattati per l&#8217;esecuzione del contatto. Ai sensi dell&#8217;articolo 6, paragrafo 1, lettera a), del RODO. Il conferimento dei dati personali da parte del Cliente per questa finalit\u00e0 \u00e8 volontario, ma il mancato conferimento impedir\u00e0 il contatto. Il consenso pu\u00f2 essere revocato in qualsiasi momento contattando via e-mail: biuro@mikrosilika-trade.com.     <\/li>\n \t<li>I dati personali saranno condivisi con: fornitori di servizi di corriere, informatici o legali forniti all&#8217;Amministratore e soggetti autorizzati a ottenere i dati personali per legge.<\/li>\n \t<li>Hai il diritto di accedere al contenuto dei tuoi dati e il diritto di rettifica, cancellazione, limitazione del trattamento, diritto alla portabilit\u00e0 dei dati, diritto di opposizione.<\/li>\n \t<li>Hai il diritto di presentare un reclamo all&#8217;autorit\u00e0 di vigilanza sulla protezione dei dati.<\/li>\n \t<li>Il trattamento dei tuoi dati personali \u00e8 facoltativo, tuttavia il mancato conferimento di tali dati rende impossibile il trattamento in base alle basi del trattamento indicate ai punti 2 e 3 di cui sopra:\n<ol>\n \t<li>vendita e consegna dei beni,<\/li>\n \t<li>utilizzando il modulo di contatto.<\/li>\n<\/ol>\n<\/li>\n<\/ol>\n<strong>E I BISCOTTI?<\/strong>\n<ol>\n \t<li>Il sito web www.mikrosilika-trade.com utilizza i cookie, ossia piccoli file inviati da un server web, che vengono memorizzati sul tuo dispositivo terminale (telefono cellulare o computer) e sono destinati all&#8217;utilizzo del sito web. Tali cookie contengono il nome del sito web da cui provengono, l&#8217;ora in cui vengono memorizzati sul tuo dispositivo terminale e un numero univoco. Vengono utilizzati per creare dati statistici anonimi. Il sito web www.mikrosilika-trade.com utilizza i cookie anche per scopi analitici e pubblicitari: Google Analytics, Google Search Console, Google Tag Manager, HotJar e Facebook Pixel.    <\/li>\n \t<li>Sul sito web www.mikrosilika-trade.com vengono utilizzati i seguenti tipi di cookie:<\/li>\n<\/ol>\n<ol>\n \t<li>&#8220;session&#8221; (cookie di sessione), che sono file temporanei che vengono memorizzati sul tuo terminale fino a quando non effettui il logout, lasci il sito web o spegni il tuo software (browser web).<\/li>\n \t<li>  &#8220;permanenti&#8221; (cookie persistenti), che vengono memorizzati sul tuo terminale per il tempo specificato nei parametri dei cookie o fino alla loro cancellazione da parte tua,<\/li>\n \t<li>&#8220;terze parti&#8221; (cookie di terze parti) provenienti da altri domini che inseriscono i loro elementi nel Sito web, come ad esempio annunci pubblicitari o altri script con finalit\u00e0 di marketing. A tal fine, possono conservare informazioni sul percorso di navigazione o sul tempo trascorso su una determinata pagina. Queste entit\u00e0 sono: Google Facebook e HotJar.  <\/li>\n \t<li>I cookie utilizzati sul Sito web, tra l&#8217;altro, sono i seguenti:<\/li>\n<\/ol>\n<ul>\n \t<li>consentire la compilazione di statistiche sulle visite al Sito;<\/li>\n \t<li>ci permettono di ricordare le tue visite al Sito e le tue preferenze relative al Sito, ad esempio il layout o la disposizione dei contenuti nelle pagine del Sito che stai visualizzando;<\/li>\n \t<li>ti permettono di proteggere la tua sessione online.<\/li>\n<\/ul>\n<ol start=\"4\">\n \t<li>Il tuo software di navigazione web (browser internet) di solito consente di memorizzare i cookie sul tuo terminale (telefono cellulare, computer) per impostazione predefinita. Puoi modificare tu stesso le impostazioni al riguardo. <\/li>\n \t<li>Il servizio utilizza strumenti analitici:<\/li>\n<\/ol>\n<ol>\n \t<li>Google Analytics,<\/li>\n \t<li>Google Search Console,<\/li>\n \t<li>Google Tag Manager,<\/li>\n<\/ol>\nappartenente a Google LLC, 1600 Amphitheatre Parkway, Mountain View, CA 94043, Stati Uniti, che raccoglie informazioni sulla tua visita al sito web, quali: il tempo trascorso sul sito o la navigazione tra le pagine. A tal fine vengono utilizzati i cookie di Google LLC relativi al servizio Google Analytics. \n\nInformazioni dettagliate sul trattamento dei dati da parte di Google Analytics sono disponibili all&#8217;indirizzo: <a rel=\"nofollow\" href=\"https:\/\/support.google.com\/analytics\/answer\/6004245\">https:\/\/support.google.com\/analytics\/answer\/6004245.<\/a>\n<ol start=\"6\">\n \t<li>Il servizio utilizza lo strumento di analisi e pubblicit\u00e0 Facebook Pixel di propriet\u00e0 di Facebook Ireland Ltd.. 4 Grand Canal Square, Grand Canal Harbour, D2 Dublin Ireland. Ci\u00f2 comporta l&#8217;utilizzo di cookie per la visualizzazione di annunci pubblicitari o per la misurazione e la rendicontazione delle prestazioni del Servizio. Informazioni dettagliate sul trattamento dei dati da parte di Facebook Pixel sono disponibili all&#8217;indirizzo: <a rel=\"nofollow\" href=\"https:\/\/www.facebook.com\/business\/help\/471978536642445?id=1205376682832142\">https:\/\/www.facebook.com\/business\/help\/471978536642445?id=1205376682832142<\/a>   <\/li>\n \t<li>Il Servizio utilizza lo strumento di analisi HotJar di propriet\u00e0 di Hotjar Limited, Level 2, St Julian&#8217;s Business Centre, 3, Elia Zammit Street, St Julian&#8217;s STJ 1000, Malta, che traccia il comportamento dell&#8217;utente sul Servizio. A tal fine vengono utilizzati dei cookie. Con l&#8217;aiuto di Hotjar, viene analizzato il comportamento degli Utenti del Sito, ad esempio il tempo trascorso su determinate pagine web, i pulsanti utilizzati sul Sito, ecc. Per maggiori informazioni, consulta la politica sulla privacy di Hotjar: https:\/\/www.hotjar.com\/legal\/policies\/privacy.    <\/li>\n \t<li>Se non desideri ricevere i cookie, puoi modificare le impostazioni del browser che stai utilizzando. Il Sito web precisa che la disabilitazione dei cookie essenziali per i processi di autenticazione, sicurezza e mantenimento delle preferenze dell&#8217;utente pu\u00f2 rendere difficile l&#8217;utilizzo del Sito web. <\/li>\n \t<li>L&#8217;uso dei cookie per la memorizzazione delle informazioni e l&#8217;accesso alle informazioni memorizzate sul tuo terminale di telecomunicazione \u00e8 consentito a condizione che tu abbia dato il tuo consenso a tale uso dei cookie. All&#8217;apertura della prima pagina del Sito web, puoi dare o negare il tuo consenso all&#8217;utilizzo dei cookie. Tale consenso pu\u00f2 essere revocato in qualsiasi momento, in particolare cancellando la cronologia dei cookie e disabilitando i cookie nelle impostazioni del browser.  <\/li>\n \t<li>Le informazioni sulla possibilit\u00e0 e sulla gestione dei cookie si trovano nelle impostazioni del tuo browser web:<\/li>\n<\/ol>\nnel browser Mozilla Firefox https:\/\/support.mozilla.org\/pl\/kb\/ciasteczka\n\nnel browser Chrome https:\/\/support.google.com\/chrome\/answer\/95647?hl=pl,\n\nnel browser Opera https:\/\/help.opera.com\/pl\/latest\/web-preferences\/#cookies\n\n\nin Internet Explorer https:\/\/support.microsoft.com\/pl- it\/help\/278835\/how-to-delete-cookie-files-internet-explorer.\n\n<strong>QUALI DATI VENGONO RACCOLTI ATTRAVERSO LA FANPAGE DI MICROSILICON TRADE?<\/strong><strong>?<\/strong>\n<ol>\n \t<li>L&#8217;amministratore dei dati personali \u00e8 Natalia Wianecka che svolge la sua attivit\u00e0 sotto il nome di Mikrosilika TRADE NATALIA WIANECKA, Janki Al. Krakowska 30, 05-090 Raszyn, NIP: 8652492766, REGON: 180542129. <\/li>\n \t<li>I responsabili del trattamento dei tuoi dati sono Facebook Ireland Ltd., 4 Grand Canal Square, Grand Canal Harbour, D2 Dublin Ireland. 4 Grand Canal Square, Grand Canal Harbour, D2 Dublin Ireland. <\/li>\n \t<li>Il punto di contatto comune per le questioni relative alla protezione dei dati \u00e8 Natalia Wianecka che svolge l&#8217;attivit\u00e0 commerciale sotto il nome di Mikrosilika TRADE NATALIA WIANECKA, Janki Al. Krakowska 30, 05-090 Raszyn, NIP: 8652492766, REGON: 180542129., che puoi contattare via e-mail: biuro@mikrosilika-trade.com. <\/li>\n \t<li>I tuoi dati personali saranno trattati sulla base dell&#8217;articolo 6(1)(f) del RODO per:  <\/li>\n<\/ol>\na) gestire una fanpage su Facebook pubblicando contributi, foto e rispondendo ai commenti,\n\nb) contatti tramite la fanpage (tra cui: invio di informazioni e &#8220;mi piace&#8221;),\n\n(c) gestione di like, eventi e commenti tramite Facebook.\n<ol start=\"5\">\n \t<li>I tuoi dati personali saranno trattati ai sensi dell&#8217;articolo 6, paragrafo 1, lettera a) del RODO (sulla base del tuo consenso) allo scopo di indirizzare la pubblicit\u00e0 dalla fanpage di Facebook e Instagram alle persone che hanno interagito con la fanpage di Mikrosilik Trade. Puoi revocare il consenso che hai fornito contattandoci al seguente indirizzo e-mail: biuro@mikrosilika-trade.com.   <\/li>\n \t<li>I tuoi dati saranno condivisi:<\/li>\n<\/ol>\n(a) Fornitori di servizi informatici o legali,\n\n(b) soggetti legittimati a ottenere i dati personali sulla base di disposizioni di legge.\n<ol start=\"7\">\n \t<li>I dati personali saranno trattati fino alla chiusura della fanpage o fino alla revoca del consenso.<\/li>\n \t<li>Hai il diritto di accedere al contenuto dei tuoi dati e il diritto di rettifica, cancellazione, limitazione del trattamento, diritto alla portabilit\u00e0 dei dati, diritto di opposizione &#8211; ai sensi della legislazione RODO.<\/li>\n \t<li>Hai il diritto di presentare un reclamo all&#8217;autorit\u00e0 di vigilanza sulla protezione dei dati.<\/li>\n \t<li>Il trattamento dei tuoi dati personali \u00e8 necessario per pubblicare informazioni, commenti e &#8220;mi piace&#8221; sulla fanpage di Mikrosilik Trade su Facebook e per indirizzare la pubblicit\u00e0 della fanpage su Facebook e Instagram alle persone che hanno interagito con la fanpage.<\/li>\n<\/ol>\n<strong>COS&#8217;ALTRO DEVI SAPERE?<\/strong>\n\nPer quanto non disciplinato dalla Politica sulla privacy e sui cookie, si applicano le disposizioni del Codice Civile e delle leggi pertinenti della Polonia e del diritto dell&#8217;Unione Europea, tra cui il RODO (Regolamento 2016\/679 del Parlamento europeo e del Consiglio (UE) del 27 aprile 2016 relativo alla protezione delle persone fisiche con riguardo al trattamento dei dati personali, nonch\u00e9 alla libera circolazione di tali dati e che abroga la direttiva 95\/46\/CE). \n\nIn caso di modifica dell&#8217;attuale Informativa sulla privacy e sui cookie, le relative modifiche saranno rese disponibili sul Sito web.\n\n<\/div>\t\t\t\t\t\t\t\t<\/div>\n\t\t\t\t<\/div>\n\t\t\t\t\t<\/div>\n\t\t<\/div>\n\t\t\t\t\t<\/div>\n\t\t<\/section>\n\t\t\t\t<\/div>\n\t\t","protected":false},"excerpt":{"rendered":"<p>Informativa sulla privacy e sui cookie CHI \u00c8 L&#8217;OPERATORE DEL SERVIZIO? Il gestore del sito www.mikrosilika-trade.com \u00e8 Natalia Wianecka che gestisce la sua attivit\u00e0 sotto il nome di Mikrosilika TRADE NATALIA WIANECKA, Janki Al. Krakowska 30, 05-090 Raszyn, NIP: 8652492766, REGON: 180542129. L&#8217;Operatore, che \u00e8 anche il Titolare del trattamento, attribuisce grande importanza al rispetto [&hellip;]<\/p>\n","protected":false},"author":2,"featured_media":0,"parent":0,"menu_order":0,"comment_status":"closed","ping_status":"closed","template":"","meta":{"footnotes":""},"class_list":["post-904","page","type-page","status-publish","hentry"],"yoast_head":"<!-- This site is optimized with the Yoast SEO plugin v26.0 - https:\/\/yoast.com\/wordpress\/plugins\/seo\/ -->\n<title>Informativa sulla privacy e sui cookie - Mikrosilika Trade<\/title>\n<meta name=\"description\" content=\"Leggi la nostra politica sulla privacy e le informazioni sulle informazioni che raccogliamo (Cookies)\" \/>\n<meta name=\"robots\" content=\"index, follow, max-snippet:-1, max-image-preview:large, max-video-preview:-1\" \/>\n<link rel=\"canonical\" href=\"https:\/\/mikrosilika-trade.com\/it\/polityka-prywatnosci-i-cookies\/\" \/>\n<meta property=\"og:locale\" content=\"it_IT\" \/>\n<meta property=\"og:type\" content=\"article\" \/>\n<meta property=\"og:title\" content=\"Informativa sulla privacy e sui cookie - Mikrosilika Trade\" \/>\n<meta property=\"og:description\" content=\"Leggi la nostra politica sulla privacy e le informazioni sulle informazioni che raccogliamo (Cookies)\" \/>\n<meta property=\"og:url\" content=\"https:\/\/mikrosilika-trade.com\/it\/polityka-prywatnosci-i-cookies\/\" \/>\n<meta property=\"og:site_name\" content=\"Mikrosilika Trade\" \/>\n<meta property=\"article:modified_time\" content=\"2025-01-31T12:58:26+00:00\" \/>\n<meta name=\"twitter:card\" content=\"summary_large_image\" \/>\n<meta name=\"twitter:label1\" content=\"Tempo di lettura stimato\" \/>\n\t<meta name=\"twitter:data1\" content=\"9 minuti\" \/>\n<script type=\"application\/ld+json\" class=\"yoast-schema-graph\">{\"@context\":\"https:\/\/schema.org\",\"@graph\":[{\"@type\":\"WebPage\",\"@id\":\"https:\/\/mikrosilika-trade.com\/it\/polityka-prywatnosci-i-cookies\/\",\"url\":\"https:\/\/mikrosilika-trade.com\/it\/polityka-prywatnosci-i-cookies\/\",\"name\":\"Informativa sulla privacy e sui cookie - Mikrosilika Trade\",\"isPartOf\":{\"@id\":\"https:\/\/mikrosilika-trade.com\/#website\"},\"datePublished\":\"2022-01-18T11:42:51+00:00\",\"dateModified\":\"2025-01-31T12:58:26+00:00\",\"description\":\"Leggi la nostra politica sulla privacy e le informazioni sulle informazioni che raccogliamo (Cookies)\",\"breadcrumb\":{\"@id\":\"https:\/\/mikrosilika-trade.com\/it\/polityka-prywatnosci-i-cookies\/#breadcrumb\"},\"inLanguage\":\"it-IT\",\"potentialAction\":[{\"@type\":\"ReadAction\",\"target\":[\"https:\/\/mikrosilika-trade.com\/it\/polityka-prywatnosci-i-cookies\/\"]}]},{\"@type\":\"BreadcrumbList\",\"@id\":\"https:\/\/mikrosilika-trade.com\/it\/polityka-prywatnosci-i-cookies\/#breadcrumb\",\"itemListElement\":[{\"@type\":\"ListItem\",\"position\":1,\"name\":\"Strona g\u0142\u00f3wna\",\"item\":\"https:\/\/mikrosilika-trade.com\/\"},{\"@type\":\"ListItem\",\"position\":2,\"name\":\"Informativa sulla privacy e sui cookie\"}]},{\"@type\":\"WebSite\",\"@id\":\"https:\/\/mikrosilika-trade.com\/#website\",\"url\":\"https:\/\/mikrosilika-trade.com\/\",\"name\":\"Mikrosilika Trade\",\"description\":\"Innowacyjne dodatki do betonu\",\"publisher\":{\"@id\":\"https:\/\/mikrosilika-trade.com\/#organization\"},\"potentialAction\":[{\"@type\":\"SearchAction\",\"target\":{\"@type\":\"EntryPoint\",\"urlTemplate\":\"https:\/\/mikrosilika-trade.com\/?s={search_term_string}\"},\"query-input\":{\"@type\":\"PropertyValueSpecification\",\"valueRequired\":true,\"valueName\":\"search_term_string\"}}],\"inLanguage\":\"it-IT\"},{\"@type\":\"Organization\",\"@id\":\"https:\/\/mikrosilika-trade.com\/#organization\",\"name\":\"Mikrosilika Trade\",\"url\":\"https:\/\/mikrosilika-trade.com\/\",\"logo\":{\"@type\":\"ImageObject\",\"inLanguage\":\"it-IT\",\"@id\":\"https:\/\/mikrosilika-trade.com\/#\/schema\/logo\/image\/\",\"url\":\"https:\/\/mikrosilika-trade.com\/wp-content\/uploads\/2024\/09\/mikrosilika-trade-natalia-wianecka.svg\",\"contentUrl\":\"https:\/\/mikrosilika-trade.com\/wp-content\/uploads\/2024\/09\/mikrosilika-trade-natalia-wianecka.svg\",\"caption\":\"Mikrosilika Trade\"},\"image\":{\"@id\":\"https:\/\/mikrosilika-trade.com\/#\/schema\/logo\/image\/\"}}]}<\/script>\n<!-- \/ Yoast SEO plugin. -->","yoast_head_json":{"title":"Informativa sulla privacy e sui cookie - Mikrosilika Trade","description":"Leggi la nostra politica sulla privacy e le informazioni sulle informazioni che raccogliamo (Cookies)","robots":{"index":"index","follow":"follow","max-snippet":"max-snippet:-1","max-image-preview":"max-image-preview:large","max-video-preview":"max-video-preview:-1"},"canonical":"https:\/\/mikrosilika-trade.com\/it\/polityka-prywatnosci-i-cookies\/","og_locale":"it_IT","og_type":"article","og_title":"Informativa sulla privacy e sui cookie - Mikrosilika Trade","og_description":"Leggi la nostra politica sulla privacy e le informazioni sulle informazioni che raccogliamo (Cookies)","og_url":"https:\/\/mikrosilika-trade.com\/it\/polityka-prywatnosci-i-cookies\/","og_site_name":"Mikrosilika Trade","article_modified_time":"2025-01-31T12:58:26+00:00","twitter_card":"summary_large_image","twitter_misc":{"Tempo di lettura stimato":"9 minuti"},"schema":{"@context":"https:\/\/schema.org","@graph":[{"@type":"WebPage","@id":"https:\/\/mikrosilika-trade.com\/it\/polityka-prywatnosci-i-cookies\/","url":"https:\/\/mikrosilika-trade.com\/it\/polityka-prywatnosci-i-cookies\/","name":"Informativa sulla privacy e sui cookie - Mikrosilika Trade","isPartOf":{"@id":"https:\/\/mikrosilika-trade.com\/#website"},"datePublished":"2022-01-18T11:42:51+00:00","dateModified":"2025-01-31T12:58:26+00:00","description":"Leggi la nostra politica sulla privacy e le informazioni sulle informazioni che raccogliamo (Cookies)","breadcrumb":{"@id":"https:\/\/mikrosilika-trade.com\/it\/polityka-prywatnosci-i-cookies\/#breadcrumb"},"inLanguage":"it-IT","potentialAction":[{"@type":"ReadAction","target":["https:\/\/mikrosilika-trade.com\/it\/polityka-prywatnosci-i-cookies\/"]}]},{"@type":"BreadcrumbList","@id":"https:\/\/mikrosilika-trade.com\/it\/polityka-prywatnosci-i-cookies\/#breadcrumb","itemListElement":[{"@type":"ListItem","position":1,"name":"Strona g\u0142\u00f3wna","item":"https:\/\/mikrosilika-trade.com\/"},{"@type":"ListItem","position":2,"name":"Informativa sulla privacy e sui cookie"}]},{"@type":"WebSite","@id":"https:\/\/mikrosilika-trade.com\/#website","url":"https:\/\/mikrosilika-trade.com\/","name":"Mikrosilika Trade","description":"Innowacyjne dodatki do betonu","publisher":{"@id":"https:\/\/mikrosilika-trade.com\/#organization"},"potentialAction":[{"@type":"SearchAction","target":{"@type":"EntryPoint","urlTemplate":"https:\/\/mikrosilika-trade.com\/?s={search_term_string}"},"query-input":{"@type":"PropertyValueSpecification","valueRequired":true,"valueName":"search_term_string"}}],"inLanguage":"it-IT"},{"@type":"Organization","@id":"https:\/\/mikrosilika-trade.com\/#organization","name":"Mikrosilika Trade","url":"https:\/\/mikrosilika-trade.com\/","logo":{"@type":"ImageObject","inLanguage":"it-IT","@id":"https:\/\/mikrosilika-trade.com\/#\/schema\/logo\/image\/","url":"https:\/\/mikrosilika-trade.com\/wp-content\/uploads\/2024\/09\/mikrosilika-trade-natalia-wianecka.svg","contentUrl":"https:\/\/mikrosilika-trade.com\/wp-content\/uploads\/2024\/09\/mikrosilika-trade-natalia-wianecka.svg","caption":"Mikrosilika Trade"},"image":{"@id":"https:\/\/mikrosilika-trade.com\/#\/schema\/logo\/image\/"}}]}},"_links":{"self":[{"href":"https:\/\/mikrosilika-trade.com\/it\/wp-json\/wp\/v2\/pages\/904","targetHints":{"allow":["GET"]}}],"collection":[{"href":"https:\/\/mikrosilika-trade.com\/it\/wp-json\/wp\/v2\/pages"}],"about":[{"href":"https:\/\/mikrosilika-trade.com\/it\/wp-json\/wp\/v2\/types\/page"}],"author":[{"embeddable":true,"href":"https:\/\/mikrosilika-trade.com\/it\/wp-json\/wp\/v2\/users\/2"}],"replies":[{"embeddable":true,"href":"https:\/\/mikrosilika-trade.com\/it\/wp-json\/wp\/v2\/comments?post=904"}],"version-history":[{"count":4,"href":"https:\/\/mikrosilika-trade.com\/it\/wp-json\/wp\/v2\/pages\/904\/revisions"}],"predecessor-version":[{"id":3576,"href":"https:\/\/mikrosilika-trade.com\/it\/wp-json\/wp\/v2\/pages\/904\/revisions\/3576"}],"wp:attachment":[{"href":"https:\/\/mikrosilika-trade.com\/it\/wp-json\/wp\/v2\/media?parent=904"}],"curies":[{"name":"wp","href":"https:\/\/api.w.org\/{rel}","templated":true}]}}